{"id":174,"date":"2019-10-05T12:40:08","date_gmt":"2019-10-05T10:40:08","guid":{"rendered":"https:\/\/teamingbogen.dk\/?page_id=174"},"modified":"2021-10-30T19:07:24","modified_gmt":"2021-10-30T17:07:24","slug":"kapitel-2","status":"publish","type":"page","link":"https:\/\/teamingbogen.dk\/projektteaming\/hent-materiale\/kapitel-2\/","title":{"rendered":"Kapitel 2"},"content":{"rendered":"<div class=\"wpb-content-wrapper\"><p>[vc_row css_animation=&#8221;&#8221; row_type=&#8221;row&#8221; use_row_as_full_screen_section=&#8221;no&#8221; type=&#8221;full_width&#8221; angled_section=&#8221;no&#8221; text_align=&#8221;left&#8221; background_image_as_pattern=&#8221;without_pattern&#8221;][vc_column width=&#8221;2\/3&#8243;][vc_column_text]<\/p>\n<h2>Kapitel 2 &#8211; Om projektet og dets landskab af relationer<\/h2>\n<p>I kapitel 2 dykker vi ned i projektets omgivelser, som er et sammensat landskab af n\u00e6re og fjerne samarbejdspartnere. De har forskellige roller, positioner, prioriteringer og forestillinger om projektet, som kan v\u00e6re udfordrende at h\u00e5ndtere. Vi ser, hvordan den altid uperfekte organisation skaber rammer for dit projekt. Vi dr\u00f8fter ejerskabet til projektet, og de forskellige veje og muligheder til magt og indflydelse, som du skal kende for at navigere klogt. Det handler ogs\u00e5 om at etablere og bruge de mange relationer i dit landskab og skaffe dig optimal og konstruktiv indflydelse, s\u00e5 I med projektet n\u00e5r de bedst mulige resultater.[\/vc_column_text][\/vc_column][vc_column width=&#8221;1\/3&#8243;][\/vc_column][\/vc_row]<\/p>\n<\/div>","protected":false},"excerpt":{"rendered":"<p>[vc_row css_animation=&#8221;&#8221; row_type=&#8221;row&#8221; use_row_as_full_screen_section=&#8221;no&#8221; type=&#8221;full_width&#8221; angled_section=&#8221;no&#8221; text_align=&#8221;left&#8221; background_image_as_pattern=&#8221;without_pattern&#8221;][vc_column width=&#8221;2\/3&#8243;][vc_column_text] Kapitel 2 &#8211; Om projektet og dets landskab af relationer I kapitel 2 dykker vi ned i projektets omgivelser, som er et sammensat landskab af n\u00e6re og fjerne samarbejdspartnere. De har forskellige roller, positioner, prioriteringer og&#8230;<\/p>\n","protected":false},"author":1,"featured_media":0,"parent":109,"menu_order":0,"comment_status":"closed","ping_status":"closed","template":"kapitel-template.php","meta":{"footnotes":""},"class_list":["post-174","page","type-page","status-publish","hentry"],"_links":{"self":[{"href":"https:\/\/teamingbogen.dk\/projektteaming\/wp-json\/wp\/v2\/pages\/174","targetHints":{"allow":["GET"]}}],"collection":[{"href":"https:\/\/teamingbogen.dk\/projektteaming\/wp-json\/wp\/v2\/pages"}],"about":[{"href":"https:\/\/teamingbogen.dk\/projektteaming\/wp-json\/wp\/v2\/types\/page"}],"author":[{"embeddable":true,"href":"https:\/\/teamingbogen.dk\/projektteaming\/wp-json\/wp\/v2\/users\/1"}],"replies":[{"embeddable":true,"href":"https:\/\/teamingbogen.dk\/projektteaming\/wp-json\/wp\/v2\/comments?post=174"}],"version-history":[{"count":3,"href":"https:\/\/teamingbogen.dk\/projektteaming\/wp-json\/wp\/v2\/pages\/174\/revisions"}],"predecessor-version":[{"id":608,"href":"https:\/\/teamingbogen.dk\/projektteaming\/wp-json\/wp\/v2\/pages\/174\/revisions\/608"}],"up":[{"embeddable":true,"href":"https:\/\/teamingbogen.dk\/projektteaming\/wp-json\/wp\/v2\/pages\/109"}],"wp:attachment":[{"href":"https:\/\/teamingbogen.dk\/projektteaming\/wp-json\/wp\/v2\/media?parent=174"}],"curies":[{"name":"wp","href":"https:\/\/api.w.org\/{rel}","templated":true}]}}