{"id":176,"date":"2019-10-05T12:43:20","date_gmt":"2019-10-05T10:43:20","guid":{"rendered":"https:\/\/teamingbogen.dk\/?page_id=176"},"modified":"2021-10-30T19:10:44","modified_gmt":"2021-10-30T17:10:44","slug":"kapitel-3","status":"publish","type":"page","link":"https:\/\/teamingbogen.dk\/projektteaming\/hent-materiale\/kapitel-3\/","title":{"rendered":"Kapitel 3"},"content":{"rendered":"<div class=\"wpb-content-wrapper\"><p>[vc_row css_animation=&#8221;&#8221; row_type=&#8221;row&#8221; use_row_as_full_screen_section=&#8221;no&#8221; type=&#8221;full_width&#8221; angled_section=&#8221;no&#8221; text_align=&#8221;left&#8221; background_image_as_pattern=&#8221;without_pattern&#8221;][vc_column width=&#8221;2\/3&#8243;][vc_column_text]<\/p>\n<h2>Kapitel 3 &#8211; Ledelse af projektteamet<\/h2>\n<p>I kapitel 3 unders\u00f8ger vi projektteamet, for det er centrum for projektets landskab, og projektets succes afh\u00e6nger af, hvordan teamet fungerer i hverdagen. Vi viser det s\u00e6rlige ved teamarbejdsformen, hvor begreber som snoretr\u00e6k og teaming er n\u00f8gler til at forst\u00e5, hvorfor<span class=\"Apple-converted-space\">\u00a0<\/span>den form for arbejdsf\u00e6llesskab kan pr\u00e6stere uventet gode resultater. Vi har fokus p\u00e5 det f\u00e6lles kulturelle niveau i teamsamarbejdet til forskel fra det g\u00e6ngse fokus p\u00e5 deltagernes individuelle indre. Vi g\u00f8r op med myter om, hvordan projektlederen skal h\u00e5ndtere teamets forskelle, og giver et bud p\u00e5, hvordan fokus p\u00e5 at udvikle teamkulturen med opgaven som kongen kan f\u00f8re til endnu bedre resultater.[\/vc_column_text][\/vc_column][vc_column width=&#8221;1\/3&#8243;][\/vc_column][\/vc_row]<\/p>\n<\/div>","protected":false},"excerpt":{"rendered":"<p>[vc_row css_animation=&#8221;&#8221; row_type=&#8221;row&#8221; use_row_as_full_screen_section=&#8221;no&#8221; type=&#8221;full_width&#8221; angled_section=&#8221;no&#8221; text_align=&#8221;left&#8221; background_image_as_pattern=&#8221;without_pattern&#8221;][vc_column width=&#8221;2\/3&#8243;][vc_column_text] Kapitel 3 &#8211; Ledelse af projektteamet I kapitel 3 unders\u00f8ger vi projektteamet, for det er centrum for projektets landskab, og projektets succes afh\u00e6nger af, hvordan teamet fungerer i hverdagen. Vi viser det s\u00e6rlige ved teamarbejdsformen, hvor&#8230;<\/p>\n","protected":false},"author":1,"featured_media":0,"parent":109,"menu_order":0,"comment_status":"closed","ping_status":"closed","template":"kapitel-template.php","meta":{"footnotes":""},"class_list":["post-176","page","type-page","status-publish","hentry"],"_links":{"self":[{"href":"https:\/\/teamingbogen.dk\/projektteaming\/wp-json\/wp\/v2\/pages\/176","targetHints":{"allow":["GET"]}}],"collection":[{"href":"https:\/\/teamingbogen.dk\/projektteaming\/wp-json\/wp\/v2\/pages"}],"about":[{"href":"https:\/\/teamingbogen.dk\/projektteaming\/wp-json\/wp\/v2\/types\/page"}],"author":[{"embeddable":true,"href":"https:\/\/teamingbogen.dk\/projektteaming\/wp-json\/wp\/v2\/users\/1"}],"replies":[{"embeddable":true,"href":"https:\/\/teamingbogen.dk\/projektteaming\/wp-json\/wp\/v2\/comments?post=176"}],"version-history":[{"count":4,"href":"https:\/\/teamingbogen.dk\/projektteaming\/wp-json\/wp\/v2\/pages\/176\/revisions"}],"predecessor-version":[{"id":611,"href":"https:\/\/teamingbogen.dk\/projektteaming\/wp-json\/wp\/v2\/pages\/176\/revisions\/611"}],"up":[{"embeddable":true,"href":"https:\/\/teamingbogen.dk\/projektteaming\/wp-json\/wp\/v2\/pages\/109"}],"wp:attachment":[{"href":"https:\/\/teamingbogen.dk\/projektteaming\/wp-json\/wp\/v2\/media?parent=176"}],"curies":[{"name":"wp","href":"https:\/\/api.w.org\/{rel}","templated":true}]}}