{"id":179,"date":"2019-10-05T12:45:53","date_gmt":"2019-10-05T10:45:53","guid":{"rendered":"https:\/\/teamingbogen.dk\/?page_id=179"},"modified":"2021-10-30T19:12:22","modified_gmt":"2021-10-30T17:12:22","slug":"kapitel-4","status":"publish","type":"page","link":"https:\/\/teamingbogen.dk\/projektteaming\/hent-materiale\/kapitel-4\/","title":{"rendered":"Kapitel 4"},"content":{"rendered":"<div class=\"wpb-content-wrapper\"><p>[vc_row css_animation=&#8221;&#8221; row_type=&#8221;row&#8221; use_row_as_full_screen_section=&#8221;no&#8221; type=&#8221;full_width&#8221; angled_section=&#8221;no&#8221; text_align=&#8221;left&#8221; background_image_as_pattern=&#8221;without_pattern&#8221;][vc_column width=&#8221;2\/3&#8243;][vc_column_text]<\/p>\n<h2>Kapitel 4 &#8211; Projektlederen<\/h2>\n<p>I kapitel 4 unders\u00f8ger vi det vigtigste redskab, du har som projektleder, nemlig dig selv og din m\u00e5de at se og h\u00e5ndtere projektlederrollen p\u00e5. I de foreg\u00e5ende kapitler har vi n\u00e6vnt, hvor vigtig din projektledelse er for teamets pr\u00e6stationer, og hvordan dine samarbejdsm\u00e5der p\u00e5virker jeres samspil med projektets landskab. Nu forts\u00e6tter vi med, hvad der p\u00e5virker din projektledelse p\u00e5 godt og ondt, og hvordan du kan blive dit eget bedste redskab ved at udvikle dit syn p\u00e5 dig selv og dine vilk\u00e5r. Vi kommer ind p\u00e5 vigtigheden af dit mentale arbejdsmilj\u00f8, og du f\u00e5r indsigt i andre uopdyrkede aspekter af projektlederrollen. Vi afrunder med at pr\u00e6sentere to centrale redskaber, der kan hj\u00e6lpe dig med at skabe teaming i hverdagen.[\/vc_column_text][\/vc_column][vc_column width=&#8221;1\/3&#8243;][\/vc_column][\/vc_row]<\/p>\n<\/div>","protected":false},"excerpt":{"rendered":"<p>[vc_row css_animation=&#8221;&#8221; row_type=&#8221;row&#8221; use_row_as_full_screen_section=&#8221;no&#8221; type=&#8221;full_width&#8221; angled_section=&#8221;no&#8221; text_align=&#8221;left&#8221; background_image_as_pattern=&#8221;without_pattern&#8221;][vc_column width=&#8221;2\/3&#8243;][vc_column_text] Kapitel 4 &#8211; Projektlederen I kapitel 4 unders\u00f8ger vi det vigtigste redskab, du har som projektleder, nemlig dig selv og din m\u00e5de at se og h\u00e5ndtere projektlederrollen p\u00e5. I de foreg\u00e5ende kapitler har vi n\u00e6vnt, hvor&#8230;<\/p>\n","protected":false},"author":1,"featured_media":0,"parent":109,"menu_order":0,"comment_status":"closed","ping_status":"closed","template":"kapitel-template.php","meta":{"footnotes":""},"class_list":["post-179","page","type-page","status-publish","hentry"],"_links":{"self":[{"href":"https:\/\/teamingbogen.dk\/projektteaming\/wp-json\/wp\/v2\/pages\/179","targetHints":{"allow":["GET"]}}],"collection":[{"href":"https:\/\/teamingbogen.dk\/projektteaming\/wp-json\/wp\/v2\/pages"}],"about":[{"href":"https:\/\/teamingbogen.dk\/projektteaming\/wp-json\/wp\/v2\/types\/page"}],"author":[{"embeddable":true,"href":"https:\/\/teamingbogen.dk\/projektteaming\/wp-json\/wp\/v2\/users\/1"}],"replies":[{"embeddable":true,"href":"https:\/\/teamingbogen.dk\/projektteaming\/wp-json\/wp\/v2\/comments?post=179"}],"version-history":[{"count":3,"href":"https:\/\/teamingbogen.dk\/projektteaming\/wp-json\/wp\/v2\/pages\/179\/revisions"}],"predecessor-version":[{"id":612,"href":"https:\/\/teamingbogen.dk\/projektteaming\/wp-json\/wp\/v2\/pages\/179\/revisions\/612"}],"up":[{"embeddable":true,"href":"https:\/\/teamingbogen.dk\/projektteaming\/wp-json\/wp\/v2\/pages\/109"}],"wp:attachment":[{"href":"https:\/\/teamingbogen.dk\/projektteaming\/wp-json\/wp\/v2\/media?parent=179"}],"curies":[{"name":"wp","href":"https:\/\/api.w.org\/{rel}","templated":true}]}}