{"id":186,"date":"2019-10-05T18:11:06","date_gmt":"2019-10-05T16:11:06","guid":{"rendered":"https:\/\/teamingbogen.dk\/?page_id=186"},"modified":"2021-10-31T21:18:10","modified_gmt":"2021-10-31T20:18:10","slug":"kapitel-7","status":"publish","type":"page","link":"https:\/\/teamingbogen.dk\/projektteaming\/hent-materiale\/kapitel-7\/","title":{"rendered":"Kapitel 7"},"content":{"rendered":"<div class=\"wpb-content-wrapper\"><p>[vc_row css_animation=&#8221;&#8221; row_type=&#8221;row&#8221; use_row_as_full_screen_section=&#8221;no&#8221; type=&#8221;full_width&#8221; angled_section=&#8221;no&#8221; text_align=&#8221;left&#8221; background_image_as_pattern=&#8221;without_pattern&#8221;][vc_column width=&#8221;2\/3&#8243;][vc_column_text]<\/p>\n<h2>Kapitel 7 &#8211; Engageret projektleder kan ikke f\u00e5 teamet med<\/h2>\n<p>I casen i kapitel 7 skal du m\u00f8de Marie, som er en dedikeret projektleder, der m\u00e5ske har f\u00e5et en sv\u00e6rere opgaven, end hun troede. Hun pr\u00f8ver forskellige ledelsesinterventioner i projektteamet, men synes ikke, de virker efter hendes hensigt. Det er, som om teamet k\u00f8rer deres eget l\u00f8b og yder modstand mod forandringer. Hun oplever at v\u00e6re lukket ude af teamets f\u00e6llesskab, og vi skal se, hvordan det h\u00e6nger sammen med hendes selvsyn og hendes valg af lederposition, som p\u00e5virker teamets snoretr\u00e6k. Vi kommer ogs\u00e5 ind p\u00e5 projektets politiske vilk\u00e5r, vigtigheden af vilk\u00e5rsparathed, forandring af teamkulturen fra udglattende til ops\u00f8gende og at bruge deltagernes resurser aktivt b\u00e5de i teamet og i landskabet.[\/vc_column_text][\/vc_column][vc_column width=&#8221;1\/3&#8243;][\/vc_column][\/vc_row]<\/p>\n<\/div>","protected":false},"excerpt":{"rendered":"<p>[vc_row css_animation=&#8221;&#8221; row_type=&#8221;row&#8221; use_row_as_full_screen_section=&#8221;no&#8221; type=&#8221;full_width&#8221; angled_section=&#8221;no&#8221; text_align=&#8221;left&#8221; background_image_as_pattern=&#8221;without_pattern&#8221;][vc_column width=&#8221;2\/3&#8243;][vc_column_text] Kapitel 7 &#8211; Engageret projektleder kan ikke f\u00e5 teamet med I casen i kapitel 7 skal du m\u00f8de Marie, som er en dedikeret projektleder, der m\u00e5ske har f\u00e5et en sv\u00e6rere opgaven, end hun troede. Hun pr\u00f8ver&#8230;<\/p>\n","protected":false},"author":1,"featured_media":0,"parent":109,"menu_order":0,"comment_status":"closed","ping_status":"closed","template":"kapitel-template.php","meta":{"footnotes":""},"class_list":["post-186","page","type-page","status-publish","hentry"],"_links":{"self":[{"href":"https:\/\/teamingbogen.dk\/projektteaming\/wp-json\/wp\/v2\/pages\/186","targetHints":{"allow":["GET"]}}],"collection":[{"href":"https:\/\/teamingbogen.dk\/projektteaming\/wp-json\/wp\/v2\/pages"}],"about":[{"href":"https:\/\/teamingbogen.dk\/projektteaming\/wp-json\/wp\/v2\/types\/page"}],"author":[{"embeddable":true,"href":"https:\/\/teamingbogen.dk\/projektteaming\/wp-json\/wp\/v2\/users\/1"}],"replies":[{"embeddable":true,"href":"https:\/\/teamingbogen.dk\/projektteaming\/wp-json\/wp\/v2\/comments?post=186"}],"version-history":[{"count":5,"href":"https:\/\/teamingbogen.dk\/projektteaming\/wp-json\/wp\/v2\/pages\/186\/revisions"}],"predecessor-version":[{"id":625,"href":"https:\/\/teamingbogen.dk\/projektteaming\/wp-json\/wp\/v2\/pages\/186\/revisions\/625"}],"up":[{"embeddable":true,"href":"https:\/\/teamingbogen.dk\/projektteaming\/wp-json\/wp\/v2\/pages\/109"}],"wp:attachment":[{"href":"https:\/\/teamingbogen.dk\/projektteaming\/wp-json\/wp\/v2\/media?parent=186"}],"curies":[{"name":"wp","href":"https:\/\/api.w.org\/{rel}","templated":true}]}}