{"id":193,"date":"2019-10-05T18:13:23","date_gmt":"2019-10-05T16:13:23","guid":{"rendered":"https:\/\/teamingbogen.dk\/?page_id=193"},"modified":"2021-10-31T21:31:41","modified_gmt":"2021-10-31T20:31:41","slug":"kapitel-10","status":"publish","type":"page","link":"https:\/\/teamingbogen.dk\/projektteaming\/hent-materiale\/kapitel-10\/","title":{"rendered":"Kapitel 10"},"content":{"rendered":"<div class=\"wpb-content-wrapper\"><p>[vc_row css_animation=&#8221;&#8221; row_type=&#8221;row&#8221; use_row_as_full_screen_section=&#8221;no&#8221; type=&#8221;full_width&#8221; angled_section=&#8221;no&#8221; text_align=&#8221;left&#8221; background_image_as_pattern=&#8221;without_pattern&#8221;][vc_column width=&#8221;2\/3&#8243;][vc_column_text]<\/p>\n<h2>Kapitel 10 &#8211; Din l\u00e6reproces som projektleder<\/h2>\n<p>I kapitel 10 zoomer vi ind p\u00e5 selve det at l\u00e6re. Vi udforsker, hvordan du kan udvikle de kompetencer, du har brug for, til generelt at blive dit eget og projektets bedste redskab og is\u00e6r til at lede den uforudsigelige del af dine projekter. Vi kommer ind p\u00e5 bestanddelene i en l\u00e6reproces og de to typer l\u00e6reprocesser, og hvordan l\u00e6ring kr\u00e6ver noget af dig. Vi afslutter med gode r\u00e5d til kollegial sparring, som er et vigtigt element ikke bare i din, men ogs\u00e5 i dine omgivelsers l\u00e6reproces. Som n\u00e6vnt er der altid nogen, der skal l\u00e6re noget i et projekt, og vi opfordrer dig til, at du under alle omst\u00e6ndigheder bliver en af dem.[\/vc_column_text][\/vc_column][vc_column width=&#8221;1\/3&#8243;][\/vc_column][\/vc_row]<\/p>\n<\/div>","protected":false},"excerpt":{"rendered":"<p>[vc_row css_animation=&#8221;&#8221; row_type=&#8221;row&#8221; use_row_as_full_screen_section=&#8221;no&#8221; type=&#8221;full_width&#8221; angled_section=&#8221;no&#8221; text_align=&#8221;left&#8221; background_image_as_pattern=&#8221;without_pattern&#8221;][vc_column width=&#8221;2\/3&#8243;][vc_column_text] Kapitel 10 &#8211; Din l\u00e6reproces som projektleder I kapitel 10 zoomer vi ind p\u00e5 selve det at l\u00e6re. Vi udforsker, hvordan du kan udvikle de kompetencer, du har brug for, til generelt at blive dit eget&#8230;<\/p>\n","protected":false},"author":1,"featured_media":0,"parent":109,"menu_order":0,"comment_status":"closed","ping_status":"closed","template":"kapitel-template.php","meta":{"footnotes":""},"class_list":["post-193","page","type-page","status-publish","hentry"],"_links":{"self":[{"href":"https:\/\/teamingbogen.dk\/projektteaming\/wp-json\/wp\/v2\/pages\/193","targetHints":{"allow":["GET"]}}],"collection":[{"href":"https:\/\/teamingbogen.dk\/projektteaming\/wp-json\/wp\/v2\/pages"}],"about":[{"href":"https:\/\/teamingbogen.dk\/projektteaming\/wp-json\/wp\/v2\/types\/page"}],"author":[{"embeddable":true,"href":"https:\/\/teamingbogen.dk\/projektteaming\/wp-json\/wp\/v2\/users\/1"}],"replies":[{"embeddable":true,"href":"https:\/\/teamingbogen.dk\/projektteaming\/wp-json\/wp\/v2\/comments?post=193"}],"version-history":[{"count":3,"href":"https:\/\/teamingbogen.dk\/projektteaming\/wp-json\/wp\/v2\/pages\/193\/revisions"}],"predecessor-version":[{"id":634,"href":"https:\/\/teamingbogen.dk\/projektteaming\/wp-json\/wp\/v2\/pages\/193\/revisions\/634"}],"up":[{"embeddable":true,"href":"https:\/\/teamingbogen.dk\/projektteaming\/wp-json\/wp\/v2\/pages\/109"}],"wp:attachment":[{"href":"https:\/\/teamingbogen.dk\/projektteaming\/wp-json\/wp\/v2\/media?parent=193"}],"curies":[{"name":"wp","href":"https:\/\/api.w.org\/{rel}","templated":true}]}}