{"id":107,"date":"2019-10-05T02:31:31","date_gmt":"2019-10-05T00:31:31","guid":{"rendered":"https:\/\/teamingbogen.dk\/?page_id=107"},"modified":"2025-01-28T04:17:15","modified_gmt":"2025-01-28T03:17:15","slug":"om-forfatteren","status":"publish","type":"page","link":"https:\/\/teamingbogen.dk\/teamingbog\/om-forfatteren\/","title":{"rendered":"Om forfatteren"},"content":{"rendered":"<div class=\"wpb-content-wrapper\"><p>[vc_row css_animation=&#8221;&#8221; row_type=&#8221;row&#8221; use_row_as_full_screen_section=&#8221;no&#8221; type=&#8221;full_width&#8221; angled_section=&#8221;no&#8221; text_align=&#8221;left&#8221; background_image_as_pattern=&#8221;without_pattern&#8221;][vc_column width=&#8221;1\/3&#8243;][vc_single_image image=&#8221;37&#8243; img_size=&#8221;large&#8221; alignment=&#8221;center&#8221; css=&#8221;.vc_custom_1570236563812{padding-bottom: 0.25rem !important;}&#8221; qode_css_animation=&#8221;&#8221;][vc_column_text css=&#8221;.vc_custom_1570519074502{padding-bottom: 1rem !important;}&#8221;]<\/p>\n<p style=\"text-align: center;\"><strong>Elisabeth Plum<\/strong><br \/>\nTelefon: +45 4038 0605<\/p>\n<p>[\/vc_column_text][vc_row_inner row_type=&#8221;row&#8221; type=&#8221;full_width&#8221; text_align=&#8221;center&#8221; css_animation=&#8221;&#8221;][vc_column_inner]<span data-type=\"circle\" data-hover-bg-color=\"#81cad1\" data-hover-icon-color=\"#ffffff\" class=\"qode_icon_shortcode fa-stack q_font_awsome_icon_stack fa-2x  \" style=\" \"><a  itemprop=\"url\" href=\"mailto:info@teamingbogen.dk\" target=\"_blank\"><i class=\"fa fa-circle fa-stack-base fa-stack-2x\" style=\"color: #393e40;\"><\/i><i class=\"qode_icon_font_awesome fa fa-envelope qode_icon_element fa-stack-1x\" style=\"color: #ffffff;\" ><\/i><\/a><\/span><span data-type=\"circle\" data-hover-bg-color=\"#81cad1\" data-hover-icon-color=\"#ffffff\" class=\"qode_icon_shortcode fa-stack q_font_awsome_icon_stack fa-2x  \" style=\" \"><a  itemprop=\"url\" href=\"https:\/\/www.linkedin.com\/in\/elisabethplum\" target=\"_blank\"><i class=\"fa fa-circle fa-stack-base fa-stack-2x\" style=\"color: #393e40;\"><\/i><i class=\"qode_icon_font_awesome fa fa-linkedin qode_icon_element fa-stack-1x\" style=\"color: #ffffff;\" ><\/i><\/a><\/span>[\/vc_column_inner][\/vc_row_inner][\/vc_column][vc_column width=&#8221;2\/3&#8243; el_class=&#8221;no-top-on-paragraph&#8221;][vc_column_text css=&#8221;&#8221;]Elisabeth Plum udfordrer vanet\u00e6nkningen p\u00e5 kulturfeltet og inspirerer til at g\u00e5 nye veje, der passer til de aktuelle udfordringer. Hun har i mange \u00e5r v\u00e6ret r\u00e5dgiver og konsulent for private og offentlige virksomheder i Danmark og i udlandet. Hun er mag.art. i kultursociologi og psykoterapeut med speciale i organisationspsykologi.<\/p>\n<p>Elisabeth har arbejdet som forsker, underviser og intern ledelseskonsulent f\u00f8r hun i 1995 startede sin egen virksomhed. Tidligere b\u00f8ger: Samarbejde lokalt og globalt fra 2013, Kulturel Intelligens fra 2007 og Mangfoldighed som virksomhedsstrategi fra 2001.<\/p>\n<p>Elisabeth er en popul\u00e6r foredragsholder og har opfundet flere udviklingsredskaber i samarbejde med sine kunder og sit konsulentnetv\u00e6rk. <a href=\"https:\/\/elisabethplum.dk\" target=\"_blank\" rel=\"noopener\">L\u00e6s mere om Elisabeth Plum.<\/a>[\/vc_column_text][\/vc_column][\/vc_row]<\/p>\n<\/div>","protected":false},"excerpt":{"rendered":"<p>[vc_row css_animation=&#8221;&#8221; row_type=&#8221;row&#8221; use_row_as_full_screen_section=&#8221;no&#8221; type=&#8221;full_width&#8221; angled_section=&#8221;no&#8221; text_align=&#8221;left&#8221; background_image_as_pattern=&#8221;without_pattern&#8221;][vc_column width=&#8221;1\/3&#8243;][vc_single_image image=&#8221;37&#8243; img_size=&#8221;large&#8221; alignment=&#8221;center&#8221; css=&#8221;.vc_custom_1570236563812{padding-bottom: 0.25rem !important;}&#8221; qode_css_animation=&#8221;&#8221;][vc_column_text css=&#8221;.vc_custom_1570519074502{padding-bottom: 1rem !important;}&#8221;] Elisabeth Plum Telefon: +45 4038 0605 [\/vc_column_text][vc_row_inner row_type=&#8221;row&#8221; type=&#8221;full_width&#8221; text_align=&#8221;center&#8221; css_animation=&#8221;&#8221;][vc_column_inner][\/vc_column_inner][\/vc_row_inner][\/vc_column][vc_column width=&#8221;2\/3&#8243; el_class=&#8221;no-top-on-paragraph&#8221;][vc_column_text css=&#8221;&#8221;]Elisabeth Plum udfordrer vanet\u00e6nkningen p\u00e5 kulturfeltet og inspirerer til at g\u00e5 nye veje,&#8230;<\/p>\n","protected":false},"author":1,"featured_media":0,"parent":0,"menu_order":0,"comment_status":"closed","ping_status":"closed","template":"","meta":{"footnotes":""},"class_list":["post-107","page","type-page","status-publish","hentry"],"_links":{"self":[{"href":"https:\/\/teamingbogen.dk\/teamingbog\/wp-json\/wp\/v2\/pages\/107","targetHints":{"allow":["GET"]}}],"collection":[{"href":"https:\/\/teamingbogen.dk\/teamingbog\/wp-json\/wp\/v2\/pages"}],"about":[{"href":"https:\/\/teamingbogen.dk\/teamingbog\/wp-json\/wp\/v2\/types\/page"}],"author":[{"embeddable":true,"href":"https:\/\/teamingbogen.dk\/teamingbog\/wp-json\/wp\/v2\/users\/1"}],"replies":[{"embeddable":true,"href":"https:\/\/teamingbogen.dk\/teamingbog\/wp-json\/wp\/v2\/comments?post=107"}],"version-history":[{"count":13,"href":"https:\/\/teamingbogen.dk\/teamingbog\/wp-json\/wp\/v2\/pages\/107\/revisions"}],"predecessor-version":[{"id":552,"href":"https:\/\/teamingbogen.dk\/teamingbog\/wp-json\/wp\/v2\/pages\/107\/revisions\/552"}],"wp:attachment":[{"href":"https:\/\/teamingbogen.dk\/teamingbog\/wp-json\/wp\/v2\/media?parent=107"}],"curies":[{"name":"wp","href":"https:\/\/api.w.org\/{rel}","templated":true}]}}