{"id":2,"date":"2019-10-03T01:14:07","date_gmt":"2019-10-02T23:14:07","guid":{"rendered":"https:\/\/teamingbogen.dk\/?page_id=2"},"modified":"2023-07-07T10:01:25","modified_gmt":"2023-07-07T08:01:25","slug":"eksempel-side","status":"publish","type":"page","link":"https:\/\/teamingbogen.dk\/teamingbog\/","title":{"rendered":"Forside"},"content":{"rendered":"<div class=\"wpb-content-wrapper\"><p>[vc_row css_animation=&#8221;&#8221; row_type=&#8221;row&#8221; use_row_as_full_screen_section=&#8221;no&#8221; type=&#8221;grid&#8221; angled_section=&#8221;no&#8221; text_align=&#8221;left&#8221; background_image_as_pattern=&#8221;without_pattern&#8221; css=&#8221;.vc_custom_1570182839254{margin-bottom: 0px !important;padding-top: 90px !important;padding-bottom: 90px !important;}&#8221; z_index=&#8221;&#8221;][vc_column width=&#8221;1\/6&#8243; offset=&#8221;vc_hidden-sm vc_hidden-xs&#8221;][\/vc_column][vc_column width=&#8221;2\/3&#8243;][vc_row_inner row_type=&#8221;row&#8221; type=&#8221;full_width&#8221; text_align=&#8221;left&#8221; css_animation=&#8221;&#8221;][vc_column_inner][vc_column_text el_class=&#8221;hero-home&#8221;]<\/p>\n<h2><img loading=\"lazy\" decoding=\"async\" class=\"alignright size-full front-book wp-image-57\" src=\"\/teamingbog\/wp-content\/uploads\/2019\/10\/teaming_small.png\" alt=\"\" width=\"198\" height=\"250\" \/>Velkommen til hjemmesiden for &#8216;Teaming &#8211; H\u00e5ndbog i teamledelse&#8217;<\/h2>\n<p>Her finder du bogens modeller, oversigter og deltagermateriale til mange af bogens redskaber. Her kommer ogs\u00e5 ekstra materiale og nye cases.[\/vc_column_text][\/vc_column_inner][\/vc_row_inner][\/vc_column][vc_column width=&#8221;1\/6&#8243; offset=&#8221;vc_hidden-sm vc_hidden-xs&#8221;][\/vc_column][\/vc_row][vc_row css_animation=&#8221;&#8221; row_type=&#8221;row&#8221; use_row_as_full_screen_section=&#8221;no&#8221; type=&#8221;full_width&#8221; angled_section=&#8221;no&#8221; text_align=&#8221;left&#8221; background_image_as_pattern=&#8221;without_pattern&#8221; z_index=&#8221;&#8221;][vc_column el_class=&#8221;cta-custom&#8221; css=&#8221;.vc_custom_1570153835412{margin-bottom: 75px !important;}&#8221;]<div class=\"call_to_action normal\" style=\"background-color: #81cad1;\"><div class=\"container_inner\"><div class=\"two_columns_75_25 clearfix\"><div class=\"text_wrapper column1\"><div class=\"call_to_action_text \" style=\"\">Du kan hente materiale fra bogen her.<\/div><\/div><div class=\"button_wrapper column2\"><a itemprop=\"url\" href=\"\/teamingbog\/hent-materiale\/\" class=\"qbutton white \" target=\"_self\" style=\"color: #ffffff;border-color: #393e40;background-color: #393e40;\"data-hover-background-color=#313333 data-hover-border-color=#313333 data-hover-color=#ffffff>Hent materiale<\/a><\/div><\/div><\/div><\/div>[\/vc_column][\/vc_row][vc_row css_animation=&#8221;&#8221; row_type=&#8221;row&#8221; use_row_as_full_screen_section=&#8221;no&#8221; type=&#8221;grid&#8221; angled_section=&#8221;no&#8221; text_align=&#8221;left&#8221; background_image_as_pattern=&#8221;without_pattern&#8221; z_index=&#8221;&#8221; css=&#8221;.vc_custom_1570174267207{padding-bottom: 3.25rem !important;}&#8221;][vc_column width=&#8221;1\/3&#8243; css=&#8221;.vc_custom_1570174248927{margin-bottom: 1.5rem !important;}&#8221;][vc_single_image image=&#8221;37&#8243; img_size=&#8221;full&#8221; alignment=&#8221;center&#8221; onclick=&#8221;custom_link&#8221; qode_css_animation=&#8221;&#8221; qode_hover_animation=&#8221;zoom_in&#8221; link=&#8221;\/teamingbog\/om-forfatteren\/&#8221; el_class=&#8221;grayscale front-box-image&#8221;][vc_separator type=&#8221;normal&#8221; down=&#8221;24&#8243;][vc_column_text]<\/p>\n<h2><a href=\"\/teamingbog\/om-forfatteren\/\">Om forfatteren<\/a><\/h2>\n<p>Elisabeth Plum udfordrer vanet\u00e6nkningen p\u00e5 kulturfeltet og inspirer til at g\u00e5 nye veje, der passer til de aktuelle udfordinger.[\/vc_column_text][vc_separator type=&#8221;small&#8221; position=&#8221;center&#8221; el_class=&#8221;full&#8221; up=&#8221;28&#8243;][\/vc_column][vc_column width=&#8221;1\/3&#8243; css=&#8221;.vc_custom_1570174264039{margin-bottom: 1.5rem !important;}&#8221;][vc_single_image image=&#8221;47&#8243; img_size=&#8221;full&#8221; alignment=&#8221;center&#8221; onclick=&#8221;custom_link&#8221; qode_css_animation=&#8221;&#8221; qode_hover_animation=&#8221;zoom_in&#8221; link=&#8221;\/teamingbog\/foredrag-workshop\/&#8221; el_class=&#8221;grayscale front-box-image&#8221;][vc_separator type=&#8221;normal&#8221; down=&#8221;24&#8243;][vc_column_text]<\/p>\n<h2><a href=\"\/teamingbog\/foredrag-workshop\/\">Workshop<\/a><\/h2>\n<p>Styrk jeres teaming gennem en skr\u00e6ddersyet workshop eller et kort udviklingsforl\u00f8b for jeres team. Det ledes af en certificeret konsulent.[\/vc_column_text][vc_separator type=&#8221;small&#8221; position=&#8221;center&#8221; el_class=&#8221;full&#8221; up=&#8221;28&#8243;][\/vc_column][vc_column width=&#8221;1\/3&#8243; css=&#8221;.vc_custom_1570174260445{margin-bottom: 1.5rem !important;}&#8221;][vc_single_image image=&#8221;48&#8243; img_size=&#8221;full&#8221; alignment=&#8221;center&#8221; onclick=&#8221;custom_link&#8221; img_link_target=&#8221;_blank&#8221; qode_css_animation=&#8221;&#8221; qode_hover_animation=&#8221;zoom_in&#8221; link=&#8221;https:\/\/teamingbogen.dk\/teamingbog\/wp-content\/uploads\/2023\/07\/pdf.pdf&#8221; el_class=&#8221;grayscale front-box-image&#8221;][vc_separator type=&#8221;normal&#8221; down=&#8221;24&#8243;][vc_column_text]<\/p>\n<h2><a href=\"https:\/\/teamingbogen.dk\/teamingbog\/wp-content\/uploads\/2023\/07\/pdf.pdf\" target=\"_blank\" rel=\"noopener noreferrer\">L\u00e6s udpluk af bogen<\/a><\/h2>\n<p>F\u00e5 overblik over indholdet og l\u00e6s indledningen. L\u00e6s ogs\u00e5 10 sider af kapitlet &#8216;N\u00e5r gnidninger h\u00e6mmer teamet&#8217; inkl. to redskaber.[\/vc_column_text][vc_separator type=&#8221;small&#8221; position=&#8221;center&#8221; el_class=&#8221;full&#8221; up=&#8221;28&#8243;][\/vc_column][\/vc_row][vc_row css_animation=&#8221;&#8221; row_type=&#8221;row&#8221; use_row_as_full_screen_section=&#8221;no&#8221; type=&#8221;grid&#8221; angled_section=&#8221;no&#8221; text_align=&#8221;left&#8221; background_image_as_pattern=&#8221;without_pattern&#8221; z_index=&#8221;&#8221; background_color=&#8221;#c7b8cd&#8221; el_class=&#8221;white-text&#8221; css=&#8221;.vc_custom_1570177060449{margin-top: 0px !important;margin-bottom: 0px !important;padding-top: 4rem !important;padding-bottom: 4rem !important;}&#8221;][vc_column][vc_column_text css=&#8221;.vc_custom_1570177174156{padding-bottom: 1rem !important;}&#8221;]<\/p>\n<h1>Har du ikke bogen?<\/h1>\n<p>[\/vc_column_text][vc_column_text css=&#8221;.vc_custom_1570451429980{padding-bottom: 1.5rem !important;}&#8221;]<\/p>\n<h3>S\u00e5 kan du k\u00f8be den p\u00e5 Saxo eller p\u00e5 DJ\u00d8F Forlag, hvor medlemmer f\u00e5r rabat.<\/h3>\n<p>[\/vc_column_text][vc_row_inner row_type=&#8221;row&#8221; type=&#8221;grid&#8221; text_align=&#8221;left&#8221; row_negative_margin=&#8221;disable_negative_margin&#8221; css_animation=&#8221;&#8221;][vc_column_inner width=&#8221;1\/3&#8243; offset=&#8221;vc_col-lg-1\/5 vc_col-md-3 vc_col-xs-12&#8243; css=&#8221;.vc_custom_1570657040397{margin-bottom: 1rem !important;}&#8221;]<a  itemprop=\"url\" href=\"https:\/\/www.saxo.com\/dk\/teaming_elisabeth-plum_haeftet_9788757445718\" target=\"_blank\"  class=\"qbutton  default\" style=\"\">K\u00f8b den p\u00e5 Saxo<\/a>[\/vc_column_inner][vc_column_inner width=&#8221;5\/12&#8243; offset=&#8221;vc_col-lg-4 vc_col-md-5 vc_col-xs-12&#8243;]<a  itemprop=\"url\" href=\"https:\/\/www.djoef-forlag.dk\/book-info\/teaming\" target=\"_blank\"  class=\"qbutton  default\" style=\"\">K\u00f8b den p\u00e5 DJ\u00d8F Forlag<\/a>[\/vc_column_inner][\/vc_row_inner][\/vc_column][\/vc_row]<\/p>\n<\/div>","protected":false},"excerpt":{"rendered":"<p>[vc_row css_animation=&#8221;&#8221; row_type=&#8221;row&#8221; use_row_as_full_screen_section=&#8221;no&#8221; type=&#8221;grid&#8221; angled_section=&#8221;no&#8221; text_align=&#8221;left&#8221; background_image_as_pattern=&#8221;without_pattern&#8221; css=&#8221;.vc_custom_1570182839254{margin-bottom: 0px !important;padding-top: 90px !important;padding-bottom: 90px !important;}&#8221; z_index=&#8221;&#8221;][vc_column width=&#8221;1\/6&#8243; offset=&#8221;vc_hidden-sm vc_hidden-xs&#8221;][\/vc_column][vc_column width=&#8221;2\/3&#8243;][vc_row_inner row_type=&#8221;row&#8221; type=&#8221;full_width&#8221; text_align=&#8221;left&#8221; css_animation=&#8221;&#8221;][vc_column_inner][vc_column_text el_class=&#8221;hero-home&#8221;] Velkommen til hjemmesiden for &#8216;Teaming &#8211; H\u00e5ndbog i teamledelse&#8217; Her finder du bogens modeller, oversigter og deltagermateriale til mange af&#8230;<\/p>\n","protected":false},"author":1,"featured_media":0,"parent":0,"menu_order":0,"comment_status":"closed","ping_status":"open","template":"full_width.php","meta":{"footnotes":""},"class_list":["post-2","page","type-page","status-publish","hentry"],"_links":{"self":[{"href":"https:\/\/teamingbogen.dk\/teamingbog\/wp-json\/wp\/v2\/pages\/2","targetHints":{"allow":["GET"]}}],"collection":[{"href":"https:\/\/teamingbogen.dk\/teamingbog\/wp-json\/wp\/v2\/pages"}],"about":[{"href":"https:\/\/teamingbogen.dk\/teamingbog\/wp-json\/wp\/v2\/types\/page"}],"author":[{"embeddable":true,"href":"https:\/\/teamingbogen.dk\/teamingbog\/wp-json\/wp\/v2\/users\/1"}],"replies":[{"embeddable":true,"href":"https:\/\/teamingbogen.dk\/teamingbog\/wp-json\/wp\/v2\/comments?post=2"}],"version-history":[{"count":79,"href":"https:\/\/teamingbogen.dk\/teamingbog\/wp-json\/wp\/v2\/pages\/2\/revisions"}],"predecessor-version":[{"id":549,"href":"https:\/\/teamingbogen.dk\/teamingbog\/wp-json\/wp\/v2\/pages\/2\/revisions\/549"}],"wp:attachment":[{"href":"https:\/\/teamingbogen.dk\/teamingbog\/wp-json\/wp\/v2\/media?parent=2"}],"curies":[{"name":"wp","href":"https:\/\/api.w.org\/{rel}","templated":true}]}}