{"id":203,"date":"2019-10-05T18:17:16","date_gmt":"2019-10-05T16:17:16","guid":{"rendered":"https:\/\/teamingbogen.dk\/?page_id=203"},"modified":"2019-10-08T09:12:03","modified_gmt":"2019-10-08T07:12:03","slug":"bilag-2","status":"publish","type":"page","link":"https:\/\/teamingbogen.dk\/teamingbog\/hent-materiale\/bilag-2\/","title":{"rendered":"Bilag 2"},"content":{"rendered":"<div class=\"wpb-content-wrapper\"><p>[vc_row css_animation=&#8221;&#8221; row_type=&#8221;row&#8221; use_row_as_full_screen_section=&#8221;no&#8221; type=&#8221;full_width&#8221; angled_section=&#8221;no&#8221; text_align=&#8221;left&#8221; background_image_as_pattern=&#8221;without_pattern&#8221;][vc_column][vc_column_text]<\/p>\n<h2>Bilag 2<\/h2>\n<p>Nedenfor finder du et dokument med indikatorens sp\u00f8rgsm\u00e5l, og instruktionerne til at bruge indikatoren st\u00e5r p\u00e5 side 341 og 345 . Senere kommer dokumenter med flere m\u00e5der at bruge indikatoren p\u00e5 i teamet.[\/vc_column_text][\/vc_column][\/vc_row]<\/p>\n<\/div>","protected":false},"excerpt":{"rendered":"<p>[vc_row css_animation=&#8221;&#8221; row_type=&#8221;row&#8221; use_row_as_full_screen_section=&#8221;no&#8221; type=&#8221;full_width&#8221; angled_section=&#8221;no&#8221; text_align=&#8221;left&#8221; background_image_as_pattern=&#8221;without_pattern&#8221;][vc_column][vc_column_text] Bilag 2 Nedenfor finder du et dokument med indikatorens sp\u00f8rgsm\u00e5l, og instruktionerne til at bruge indikatoren st\u00e5r p\u00e5 side 341 og 345 . Senere kommer dokumenter med flere m\u00e5der at bruge indikatoren p\u00e5 i teamet.[\/vc_column_text][\/vc_column][\/vc_row]<\/p>\n","protected":false},"author":1,"featured_media":0,"parent":109,"menu_order":0,"comment_status":"closed","ping_status":"closed","template":"kapitel-template.php","meta":{"footnotes":""},"class_list":["post-203","page","type-page","status-publish","hentry"],"_links":{"self":[{"href":"https:\/\/teamingbogen.dk\/teamingbog\/wp-json\/wp\/v2\/pages\/203","targetHints":{"allow":["GET"]}}],"collection":[{"href":"https:\/\/teamingbogen.dk\/teamingbog\/wp-json\/wp\/v2\/pages"}],"about":[{"href":"https:\/\/teamingbogen.dk\/teamingbog\/wp-json\/wp\/v2\/types\/page"}],"author":[{"embeddable":true,"href":"https:\/\/teamingbogen.dk\/teamingbog\/wp-json\/wp\/v2\/users\/1"}],"replies":[{"embeddable":true,"href":"https:\/\/teamingbogen.dk\/teamingbog\/wp-json\/wp\/v2\/comments?post=203"}],"version-history":[{"count":2,"href":"https:\/\/teamingbogen.dk\/teamingbog\/wp-json\/wp\/v2\/pages\/203\/revisions"}],"predecessor-version":[{"id":373,"href":"https:\/\/teamingbogen.dk\/teamingbog\/wp-json\/wp\/v2\/pages\/203\/revisions\/373"}],"up":[{"embeddable":true,"href":"https:\/\/teamingbogen.dk\/teamingbog\/wp-json\/wp\/v2\/pages\/109"}],"wp:attachment":[{"href":"https:\/\/teamingbogen.dk\/teamingbog\/wp-json\/wp\/v2\/media?parent=203"}],"curies":[{"name":"wp","href":"https:\/\/api.w.org\/{rel}","templated":true}]}}