{"id":73,"date":"2019-10-04T11:46:46","date_gmt":"2019-10-04T09:46:46","guid":{"rendered":"https:\/\/teamingbogen.dk\/?page_id=73"},"modified":"2019-10-08T09:19:16","modified_gmt":"2019-10-08T07:19:16","slug":"foredrag-workshop","status":"publish","type":"page","link":"https:\/\/teamingbogen.dk\/teamingbog\/foredrag-workshop\/","title":{"rendered":"Foredrag &#038; Workshop"},"content":{"rendered":"<div class=\"wpb-content-wrapper\"><p>[vc_row css_animation=&#8221;&#8221; row_type=&#8221;row&#8221; use_row_as_full_screen_section=&#8221;no&#8221; type=&#8221;full_width&#8221; angled_section=&#8221;no&#8221; text_align=&#8221;left&#8221; background_image_as_pattern=&#8221;without_pattern&#8221; z_index=&#8221;&#8221; css=&#8221;.vc_custom_1570227378599{margin-top: 0px !important;padding-top: 0px !important;padding-bottom: 6rem !important;}&#8221;][vc_column width=&#8221;1\/2&#8243;][vc_column_text]<\/p>\n<h2>Foredrag &amp; Workshops<\/h2>\n<p>[\/vc_column_text][vc_column_text]<\/p>\n<p class=\"p1\"><span class=\"s1\"><b>Forfatterforedrag<\/b><\/span><\/p>\n<p class=\"p1\"><span class=\"s1\">Elisabeth Plum pr\u00e6senterer hovedpointer fra \u2019Teaming\u2019 og introducerer til udvalgte redskaber, der er velegnede i jeres situation. Arrangementet kan bestilles som en pakke af forfatterforedrag og b\u00f8ger til deltagerne til rabatpris.<\/span><\/p>\n<p class=\"p1\"><span class=\"s1\"><b>Workshops<\/b><\/span><\/p>\n<p class=\"p1\"><span class=\"s1\">Styrk jeres teaming gennem skr\u00e6ddersyede workshops under ledelse af en erfaren konsulent med certificering i \u2019Teaming\u2019.<\/span><\/p>\n<p>Eksempler:[\/vc_column_text]<div class='q_list circle'><\/p>\n<ul>\n<li class=\"li1\"><span class=\"s1\">3 timers skr\u00e6ddersyet workshop med introduktion denne ny tilgang til teamudvikling og afpr\u00f8vning af redskaber fra \u2019Teaming\u2019<\/span><\/li>\n<li class=\"li1\"><span class=\"s1\">Intensivt udviklingsforl\u00f8b med to workshops og en inspirerende l\u00e6reproces imellem<\/span><\/li>\n<li class=\"li1\"><span class=\"s1\">Heldagsseminar med udgangspunkt i realitetstjek af jeres aktuelle teamkultur og en analyse af hvordan kulturen styrker eller h\u00e6mmer jeres resultater. Kom i dybden med jeres temaer og slut med en handlingsplan der udvikler jeres evne til teaming. I f\u00e5r r\u00e5dgivning til at bruge h\u00e5ndbogens redskaber til jeres videre udvikling.<\/span><\/li>\n<\/ul>\n<p><\/div>[\/vc_column][vc_column width=&#8221;1\/2&#8243;][vc_column_text css=&#8221;.vc_custom_1570266848345{padding-bottom: 1.188rem !important;}&#8221;]<\/p>\n<h2>Send uforpligtende foresp\u00f8rgsel<\/h2>\n<p>[\/vc_column_text]\n<div class=\"wpcf7 no-js\" id=\"wpcf7-f81-o1\" lang=\"da-DK\" dir=\"ltr\" data-wpcf7-id=\"81\">\n<div class=\"screen-reader-response\"><p role=\"status\" aria-live=\"polite\" aria-atomic=\"true\"><\/p> <ul><\/ul><\/div>\n<form action=\"\/teamingbog\/wp-json\/wp\/v2\/pages\/73#wpcf7-f81-o1\" method=\"post\" class=\"wpcf7-form init default\" aria-label=\"Kontaktformular\" novalidate=\"novalidate\" data-status=\"init\">\n<div style=\"display: none;\">\n<input type=\"hidden\" name=\"_wpcf7\" value=\"81\" \/>\n<input type=\"hidden\" name=\"_wpcf7_version\" value=\"6.0.6\" \/>\n<input type=\"hidden\" name=\"_wpcf7_locale\" value=\"da_DK\" \/>\n<input type=\"hidden\" name=\"_wpcf7_unit_tag\" value=\"wpcf7-f81-o1\" \/>\n<input type=\"hidden\" name=\"_wpcf7_container_post\" value=\"0\" \/>\n<input type=\"hidden\" name=\"_wpcf7_posted_data_hash\" value=\"\" \/>\n<input type=\"hidden\" name=\"_wpcf7_recaptcha_response\" value=\"\" \/>\n<\/div>\n<div class=\"vc_row wpb_row section vc_row-fluid\">\n\t<div class=\" full_section_inner clearfix\">\n\t\t<div class=\"wpb_column vc_column_container vc_col-md-6\">\n\t\t\t<div class=\"vc_column-inner\">\n\t\t\t\t<p><span class=\"wpcf7-form-control-wrap\" data-name=\"navn\"><input size=\"40\" maxlength=\"400\" class=\"wpcf7-form-control wpcf7-text wpcf7-validates-as-required\" aria-required=\"true\" aria-invalid=\"false\" placeholder=\"Navn\" value=\"\" type=\"text\" name=\"navn\" \/><\/span>\n\t\t\t\t<\/p>\n\t\t\t<\/div>\n\t\t<\/div>\n\t\t<div class=\"wpb_column vc_column_container vc_col-md-6\">\n\t\t\t<div class=\"vc_column-inner\">\n\t\t\t\t<p><span class=\"wpcf7-form-control-wrap\" data-name=\"email\"><input size=\"40\" maxlength=\"400\" class=\"wpcf7-form-control wpcf7-email wpcf7-text wpcf7-validates-as-email\" aria-invalid=\"false\" placeholder=\"E-mail\" value=\"\" type=\"email\" name=\"email\" \/><\/span>\n\t\t\t\t<\/p>\n\t\t\t<\/div>\n\t\t<\/div>\n\t<\/div>\n<\/div>\n<div class=\"vc_row wpb_row section vc_row-fluid\">\n\t<div class=\" full_section_inner clearfix\">\n\t\t<div class=\"wpb_column vc_column_container vc_col-md-6\">\n\t\t\t<div class=\"vc_column-inner\">\n\t\t\t\t<p><span class=\"wpcf7-form-control-wrap\" data-name=\"firma\"><input size=\"40\" maxlength=\"400\" class=\"wpcf7-form-control wpcf7-text\" aria-invalid=\"false\" placeholder=\"Organisation \/ Virksomhed\" value=\"\" type=\"text\" name=\"firma\" \/><\/span>\n\t\t\t\t<\/p>\n\t\t\t<\/div>\n\t\t<\/div>\n\t\t<div class=\"wpb_column vc_column_container vc_col-md-6\">\n\t\t\t<div class=\"vc_column-inner\">\n\t\t\t\t<p><span class=\"wpcf7-form-control-wrap\" data-name=\"tlf\"><input size=\"40\" maxlength=\"400\" class=\"wpcf7-form-control wpcf7-text wpcf7-validates-as-required\" aria-required=\"true\" aria-invalid=\"false\" placeholder=\"Tlf.\" value=\"\" type=\"text\" name=\"tlf\" \/><\/span>\n\t\t\t\t<\/p>\n\t\t\t<\/div>\n\t\t<\/div>\n\t<\/div>\n<\/div>\n<div class=\"vc_row wpb_row section vc_row-fluid\">\n\t<div class=\" full_section_inner clearfix\">\n\t\t<div class=\"wpb_column vc_column_container vc_col-md-6\">\n\t\t\t<div class=\"vc_column-inner\">\n\t\t\t\t<p><span class=\"wpcf7-form-control-wrap\" data-name=\"onsket\"><input size=\"40\" maxlength=\"400\" class=\"wpcf7-form-control wpcf7-text wpcf7-validates-as-required\" aria-required=\"true\" aria-invalid=\"false\" placeholder=\"\u00d8nsket dato\" value=\"\" type=\"text\" name=\"onsket\" \/><\/span>\n\t\t\t\t<\/p>\n\t\t\t<\/div>\n\t\t<\/div>\n\t\t<div class=\"wpb_column vc_column_container vc_col-md-6\">\n\t\t\t<div class=\"vc_column-inner\">\n\t\t\t\t<p><span class=\"wpcf7-form-control-wrap\" data-name=\"deltager\"><input size=\"40\" maxlength=\"400\" class=\"wpcf7-form-control wpcf7-text wpcf7-validates-as-required\" aria-required=\"true\" aria-invalid=\"false\" placeholder=\"Antal deltagere\" value=\"\" type=\"text\" name=\"deltager\" \/><\/span>\n\t\t\t\t<\/p>\n\t\t\t<\/div>\n\t\t<\/div>\n\t<\/div>\n<\/div>\n<div class=\"vc_row wpb_row section vc_row-fluid\">\n\t<div class=\" full_section_inner clearfix\">\n\t\t<div class=\"wpb_column vc_column_container vc_col-sm-12\">\n\t\t\t<div class=\"vc_column-inner\">\n\t\t\t\t<p><span class=\"wpcf7-form-control-wrap\" data-name=\"besked\"><textarea cols=\"40\" rows=\"10\" maxlength=\"2000\" class=\"wpcf7-form-control wpcf7-textarea\" aria-invalid=\"false\" placeholder=\"Andet information\" name=\"besked\"><\/textarea><\/span>\n\t\t\t\t<\/p>\n\t\t\t\t<p><span id=\"wpcf7-69f36590172bd-wrapper\" class=\"wpcf7-form-control-wrap address-wrap\" ><label for=\"address\" class=\"hp-message\">Please leave this field empty.<\/label><input id=\"address\"  class=\"wpcf7-form-control wpcf7-text subject\" type=\"text\" name=\"address\" value=\"\" size=\"40\" tabindex=\"-1\" autocomplete=\"new-password\" \/><\/span><input class=\"wpcf7-form-control wpcf7-submit has-spinner\" type=\"submit\" value=\"Send\" \/>\n\t\t\t\t<\/p>\n\t\t\t<\/div>\n\t\t<\/div>\n\t<\/div>\n<\/div><div class=\"wpcf7-response-output\" aria-hidden=\"true\"><\/div>\n<\/form>\n<\/div>\n[\/vc_column][\/vc_row][vc_row css_animation=&#8221;&#8221; row_type=&#8221;row&#8221; use_row_as_full_screen_section=&#8221;no&#8221; type=&#8221;full_width&#8221; angled_section=&#8221;no&#8221; text_align=&#8221;left&#8221; background_image_as_pattern=&#8221;without_pattern&#8221;][vc_column el_class=&#8221;custom-client-wrapper&#8221;][vc_column_text css=&#8221;.vc_custom_1570227669627{padding-bottom: 4rem !important;}&#8221;]<\/p>\n<h2 style=\"text-align: center;\">Kunder<\/h2>\n<p>[\/vc_column_text][qode_clients columns=&#8221;four_columns&#8221; hover_effect=&#8221;default&#8221; disable_separators=&#8221;&#8221;][qode_client link_target=&#8221;_blank&#8221; image=&#8221;208&#8243; link=&#8221;https:\/\/www.novonordisk.dk\/&#8221;][qode_client link_target=&#8221;_blank&#8221; image=&#8221;210&#8243; link=&#8221;https:\/\/www.hk.dk\/&#8221;][qode_client link_target=&#8221;_blank&#8221; image=&#8221;212&#8243; link=&#8221;https:\/\/www.regionh.dk\/&#8221;][qode_client link_target=&#8221;_blank&#8221; image=&#8221;216&#8243; link=&#8221;https:\/\/www.cowi.dk\/&#8221;][qode_client link_target=&#8221;_blank&#8221; image=&#8221;214&#8243; link=&#8221;https:\/\/roskilde.dk\/&#8221;][qode_client link_target=&#8221;_blank&#8221; image=&#8221;89&#8243; link=&#8221;https:\/\/www.finansforbundet.dk\/da\/sider\/default.aspx&#8221;][qode_client link_target=&#8221;_blank&#8221; image=&#8221;218&#8243; link=&#8221;https:\/\/www.regionsjaelland.dk\/Sider\/default.aspx&#8221;][qode_client link_target=&#8221;_blank&#8221; image=&#8221;220&#8243; link=&#8221;https:\/\/www.kk.dk\/&#8221;][qode_client link_target=&#8221;_blank&#8221; image=&#8221;230&#8243; link=&#8221;https:\/\/www.radiometer.dk\/&#8221;][qode_client link_target=&#8221;_blank&#8221; image=&#8221;223&#8243; link=&#8221;https:\/\/www.microsoft.com&#8221;][qode_client link_target=&#8221;_blank&#8221; image=&#8221;224&#8243; link=&#8221;https:\/\/www.ikea.dk&#8221;][qode_client link_target=&#8221;_blank&#8221; image=&#8221;88&#8243; link=&#8221;https:\/\/www.djoef.dk\/&#8221;][\/qode_clients][\/vc_column][\/vc_row]<\/p>\n<\/div>","protected":false},"excerpt":{"rendered":"<p>[vc_row css_animation=&#8221;&#8221; row_type=&#8221;row&#8221; use_row_as_full_screen_section=&#8221;no&#8221; type=&#8221;full_width&#8221; angled_section=&#8221;no&#8221; text_align=&#8221;left&#8221; background_image_as_pattern=&#8221;without_pattern&#8221; z_index=&#8221;&#8221; css=&#8221;.vc_custom_1570227378599{margin-top: 0px !important;padding-top: 0px !important;padding-bottom: 6rem !important;}&#8221;][vc_column width=&#8221;1\/2&#8243;][vc_column_text] Foredrag &amp; Workshops [\/vc_column_text][vc_column_text] Forfatterforedrag Elisabeth Plum pr\u00e6senterer hovedpointer fra \u2019Teaming\u2019 og introducerer til udvalgte redskaber, der er velegnede i jeres situation. Arrangementet kan bestilles som en pakke&#8230;<\/p>\n","protected":false},"author":1,"featured_media":0,"parent":0,"menu_order":0,"comment_status":"closed","ping_status":"closed","template":"","meta":{"footnotes":""},"class_list":["post-73","page","type-page","status-publish","hentry"],"_links":{"self":[{"href":"https:\/\/teamingbogen.dk\/teamingbog\/wp-json\/wp\/v2\/pages\/73","targetHints":{"allow":["GET"]}}],"collection":[{"href":"https:\/\/teamingbogen.dk\/teamingbog\/wp-json\/wp\/v2\/pages"}],"about":[{"href":"https:\/\/teamingbogen.dk\/teamingbog\/wp-json\/wp\/v2\/types\/page"}],"author":[{"embeddable":true,"href":"https:\/\/teamingbogen.dk\/teamingbog\/wp-json\/wp\/v2\/users\/1"}],"replies":[{"embeddable":true,"href":"https:\/\/teamingbogen.dk\/teamingbog\/wp-json\/wp\/v2\/comments?post=73"}],"version-history":[{"count":32,"href":"https:\/\/teamingbogen.dk\/teamingbog\/wp-json\/wp\/v2\/pages\/73\/revisions"}],"predecessor-version":[{"id":376,"href":"https:\/\/teamingbogen.dk\/teamingbog\/wp-json\/wp\/v2\/pages\/73\/revisions\/376"}],"wp:attachment":[{"href":"https:\/\/teamingbogen.dk\/teamingbog\/wp-json\/wp\/v2\/media?parent=73"}],"curies":[{"name":"wp","href":"https:\/\/api.w.org\/{rel}","templated":true}]}}