{"id":2,"date":"2019-10-03T01:14:07","date_gmt":"2019-10-02T23:14:07","guid":{"rendered":"https:\/\/teamingbogen.dk\/?page_id=2"},"modified":"2024-01-19T09:26:36","modified_gmt":"2024-01-19T08:26:36","slug":"eksempel-side","status":"publish","type":"page","link":"https:\/\/teamingbogen.dk\/uformel-ledelse-paa-tvaers\/","title":{"rendered":"Forside"},"content":{"rendered":"<div class=\"wpb-content-wrapper\"><p>[vc_row css_animation=&#8221;&#8221; row_type=&#8221;row&#8221; use_row_as_full_screen_section=&#8221;no&#8221; type=&#8221;full_width&#8221; angled_section=&#8221;no&#8221; text_align=&#8221;left&#8221; background_image_as_pattern=&#8221;without_pattern&#8221; css=&#8221;.vc_custom_1705640444762{padding-top: 1rem !important;padding-bottom: 2rem !important;background-color: #676720 !important;}&#8221; el_class=&#8221;white-font&#8221; z_index=&#8221;&#8221; side_padding=&#8221;1&#8243;][vc_column width=&#8221;1\/6&#8243;][\/vc_column][vc_column width=&#8221;4\/6&#8243;][vc_column_text]<img loading=\"lazy\" decoding=\"async\" class=\"front-book alignright wp-image-698 size-medium\" src=\"https:\/\/teamingbogen.dk\/uformel-ledelse-paa-tvaers\/wp-content\/uploads\/2024\/01\/bog3_sk.png\" alt=\"\" width=\"252\" height=\"300\" \/><\/p>\n<h2 class=\"padding-top-3\">Velkommen til hjemmesiden for<br \/>\n&#8216;Uformel ledelse p\u00e5 tv\u00e6rs&#8217;<\/h2>\n<p>Bogen bygger p\u00e5 Elisabeth Plums b\u00f8ger Teaming (2019) og Projektteaming (2021 \u2013 med Anette Zobbe) og er skrevet til praktikere p\u00e5 videre- og efteruddannelser og til studerende p\u00e5 professionsuddannelser og videreg\u00e5ende erhvervsrettede uddannelser.<\/p>\n<p>Her finder du udpluk af bogen og undervisningsmateriale til hvert kapitel.[\/vc_column_text][\/vc_column][vc_column width=&#8221;1\/6&#8243;][\/vc_column][\/vc_row][vc_row css_animation=&#8221;&#8221; row_type=&#8221;row&#8221; use_row_as_full_screen_section=&#8221;no&#8221; type=&#8221;full_width&#8221; angled_section=&#8221;no&#8221; text_align=&#8221;left&#8221; background_image_as_pattern=&#8221;without_pattern&#8221; z_index=&#8221;&#8221;][vc_column el_class=&#8221;cta-custom&#8221; css=&#8221;.vc_custom_1570153835412{margin-bottom: 75px !important;}&#8221;][vc_column_text css_animation=&#8221;&#8221;]<div class=\"call_to_action normal\" style=\"background-color: #ffffff;\"><div class=\"container_inner\"><div class=\"two_columns_75_25 clearfix\"><div class=\"text_wrapper column1\"><div class=\"call_to_action_text \" style=\"color: #222222\">Du kan hente materiale fra bogen her.<\/div><\/div><div class=\"button_wrapper column2\"><a itemprop=\"url\" href=\"\/uformel-ledelse-paa-tvaers\/hent-materiale\/\" class=\"qbutton white \" target=\"_self\" style=\"color: #ffffff;border-color: #393e40;background-color: #393e40;\" data-hover-background-color=#313333 data-hover-border-color=#313333 data-hover-color=#cccccc>Hent materiale<\/a><\/div><\/div><\/div><\/div>[\/vc_column_text][\/vc_column][\/vc_row][vc_row css_animation=&#8221;&#8221; row_type=&#8221;row&#8221; use_row_as_full_screen_section=&#8221;no&#8221; type=&#8221;grid&#8221; angled_section=&#8221;no&#8221; text_align=&#8221;left&#8221; background_image_as_pattern=&#8221;without_pattern&#8221; z_index=&#8221;&#8221; css=&#8221;.vc_custom_1570174267207{padding-bottom: 3.25rem !important;}&#8221;][vc_column width=&#8221;1\/3&#8243; css=&#8221;.vc_custom_1570174248927{margin-bottom: 1.5rem !important;}&#8221;][vc_single_image image=&#8221;37&#8243; img_size=&#8221;full&#8221; alignment=&#8221;center&#8221; onclick=&#8221;custom_link&#8221; qode_css_animation=&#8221;&#8221; qode_hover_animation=&#8221;zoom_in&#8221; link=&#8221;\/uformel-ledelse-paa-tvaers\/om-forfatteren\/&#8221; el_class=&#8221;grayscale2 front-box-image&#8221; css=&#8221;.vc_custom_1705640496880{margin-bottom: 1.5rem !important;}&#8221;][vc_column_text]<\/p>\n<h2><a href=\"\/uformel-ledelse-paa-tvaers\/om-forfatteren\/\">Om forfatteren<\/a><\/h2>\n<p>Elisabeth Plum udfordrer vanet\u00e6nkningen om teamledelse og kulturforandring og inspirerer til at g\u00e5 nye og mere handlingsrettede veje.[\/vc_column_text][\/vc_column][vc_column width=&#8221;1\/3&#8243; css=&#8221;.vc_custom_1570174260445{margin-bottom: 1.5rem !important;}&#8221;][vc_single_image image=&#8221;48&#8243; img_size=&#8221;full&#8221; alignment=&#8221;center&#8221; onclick=&#8221;custom_link&#8221; img_link_target=&#8221;_blank&#8221; qode_css_animation=&#8221;&#8221; qode_hover_animation=&#8221;zoom_in&#8221; link=&#8221;https:\/\/www.flipsnack.com\/B9A7A677C6F\/uformel-ledelse_uddrag\/full-view.html&#8221; el_class=&#8221;grayscale front-box-image&#8221; css=&#8221;.vc_custom_1705578591939{margin-bottom: 1.5rem !important;}&#8221;][vc_column_text]<\/p>\n<h2><a href=\"https:\/\/www.flipsnack.com\/B9A7A677C6F\/uformel-ledelse_uddrag\/full-view.html\" target=\"_blank\" rel=\"noopener noreferrer\">L\u00e6s indledningen og dele af kapitel 1.<\/a><\/h2>\n<p>F\u00e5 overblik over hele bogens indhold og l\u00e6s om bogens centrale begreber.[\/vc_column_text][\/vc_column][vc_column css_animation=&#8221;right-to-left&#8221; width=&#8221;1\/3&#8243;][vc_column_text el_class=&#8221;magenta&#8221;]<\/p>\n<h3 style=\"text-align: right;\">Er du projektleder, tovholder, teamleder, koordinator eller andet navn for at v\u00e6re<br \/>\nuformel leder med stort opgaveansvar, men uden personaleansvar?<\/h3>\n<p>Uformel ledelse er en s\u00e6rlig kunstart, men den bliver ofte gjort sv\u00e6rere, end den er, af b\u00e5de dig selv og din organisation, og det g\u00e5r ud over arbejdsgl\u00e6den og kvaliteten af opgavel\u00f8sningen.[\/vc_column_text][\/vc_column][\/vc_row][vc_row css_animation=&#8221;&#8221; row_type=&#8221;row&#8221; use_row_as_full_screen_section=&#8221;no&#8221; type=&#8221;grid&#8221; angled_section=&#8221;no&#8221; text_align=&#8221;left&#8221; background_image_as_pattern=&#8221;without_pattern&#8221; z_index=&#8221;&#8221; background_color=&#8221;#e3e0ce&#8221; css=&#8221;.vc_custom_1705640737389{margin-top: 0px !important;margin-bottom: 0px !important;padding-top: 4rem !important;padding-bottom: 4rem !important;}&#8221;][vc_column css_animation=&#8221;top-to-bottom&#8221;][vc_column_text css=&#8221;.vc_custom_1634911954484{padding-bottom: 1rem !important;}&#8221;]<\/p>\n<h1>K\u00f8b bogen online<\/h1>\n<p>[\/vc_column_text][vc_column_text css=&#8221;.vc_custom_1705578672555{padding-bottom: 1.5rem !important;}&#8221;]<\/p>\n<h3>Du kan k\u00f8be bogen p\u00e5 DJ\u00d8F Forlag, hvor medlemmer f\u00e5r rabat.<\/h3>\n<p>[\/vc_column_text][vc_row_inner row_type=&#8221;row&#8221; type=&#8221;grid&#8221; text_align=&#8221;left&#8221; row_negative_margin=&#8221;disable_negative_margin&#8221; css_animation=&#8221;&#8221;][vc_column_inner width=&#8221;5\/12&#8243; offset=&#8221;vc_col-lg-4 vc_col-md-5 vc_col-xs-12&#8243;]<a  itemprop=\"url\" href=\"https:\/\/djoefforlag.dk\/products\/uformel-ledelse-pa-tvaers\" target=\"_blank\"  class=\"qbutton  default\" style=\"\">K\u00f8b den hos DJ\u00d8F Forlag<\/a>[\/vc_column_inner][\/vc_row_inner][\/vc_column][\/vc_row]<\/p>\n<\/div>","protected":false},"excerpt":{"rendered":"<p>[vc_row css_animation=&#8221;&#8221; row_type=&#8221;row&#8221; use_row_as_full_screen_section=&#8221;no&#8221; type=&#8221;full_width&#8221; angled_section=&#8221;no&#8221; text_align=&#8221;left&#8221; background_image_as_pattern=&#8221;without_pattern&#8221; css=&#8221;.vc_custom_1705640444762{padding-top: 1rem !important;padding-bottom: 2rem !important;background-color: #676720 !important;}&#8221; el_class=&#8221;white-font&#8221; z_index=&#8221;&#8221; side_padding=&#8221;1&#8243;][vc_column width=&#8221;1\/6&#8243;][\/vc_column][vc_column width=&#8221;4\/6&#8243;][vc_column_text] Velkommen til hjemmesiden for &#8216;Uformel ledelse p\u00e5 tv\u00e6rs&#8217; Bogen bygger p\u00e5 Elisabeth Plums b\u00f8ger Teaming (2019) og Projektteaming (2021 \u2013 med Anette Zobbe) og er&#8230;<\/p>\n","protected":false},"author":1,"featured_media":0,"parent":0,"menu_order":0,"comment_status":"closed","ping_status":"open","template":"full_width.php","meta":{"footnotes":""},"class_list":["post-2","page","type-page","status-publish","hentry"],"_links":{"self":[{"href":"https:\/\/teamingbogen.dk\/uformel-ledelse-paa-tvaers\/wp-json\/wp\/v2\/pages\/2","targetHints":{"allow":["GET"]}}],"collection":[{"href":"https:\/\/teamingbogen.dk\/uformel-ledelse-paa-tvaers\/wp-json\/wp\/v2\/pages"}],"about":[{"href":"https:\/\/teamingbogen.dk\/uformel-ledelse-paa-tvaers\/wp-json\/wp\/v2\/types\/page"}],"author":[{"embeddable":true,"href":"https:\/\/teamingbogen.dk\/uformel-ledelse-paa-tvaers\/wp-json\/wp\/v2\/users\/1"}],"replies":[{"embeddable":true,"href":"https:\/\/teamingbogen.dk\/uformel-ledelse-paa-tvaers\/wp-json\/wp\/v2\/comments?post=2"}],"version-history":[{"count":147,"href":"https:\/\/teamingbogen.dk\/uformel-ledelse-paa-tvaers\/wp-json\/wp\/v2\/pages\/2\/revisions"}],"predecessor-version":[{"id":748,"href":"https:\/\/teamingbogen.dk\/uformel-ledelse-paa-tvaers\/wp-json\/wp\/v2\/pages\/2\/revisions\/748"}],"wp:attachment":[{"href":"https:\/\/teamingbogen.dk\/uformel-ledelse-paa-tvaers\/wp-json\/wp\/v2\/media?parent=2"}],"curies":[{"name":"wp","href":"https:\/\/api.w.org\/{rel}","templated":true}]}}