{"id":73,"date":"2019-10-04T11:46:46","date_gmt":"2019-10-04T09:46:46","guid":{"rendered":"https:\/\/teamingbogen.dk\/?page_id=73"},"modified":"2024-01-19T09:32:04","modified_gmt":"2024-01-19T08:32:04","slug":"foredrag-workshop","status":"publish","type":"page","link":"https:\/\/teamingbogen.dk\/uformel-ledelse-paa-tvaers\/foredrag-workshop\/","title":{"rendered":"Foredrag &#038; Workshop"},"content":{"rendered":"<div class=\"wpb-content-wrapper\"><p>[vc_row css_animation=&#8221;&#8221; row_type=&#8221;row&#8221; use_row_as_full_screen_section=&#8221;no&#8221; type=&#8221;full_width&#8221; angled_section=&#8221;no&#8221; text_align=&#8221;left&#8221; background_image_as_pattern=&#8221;without_pattern&#8221; z_index=&#8221;&#8221; css=&#8221;.vc_custom_1570227378599{margin-top: 0px !important;padding-top: 0px !important;padding-bottom: 6rem !important;}&#8221;][vc_column width=&#8221;1\/2&#8243;][vc_column_text]<\/p>\n<h2>Foredrag &amp; Workshops<\/h2>\n<p>[\/vc_column_text][vc_column_text]<\/p>\n<p class=\"p1\"><span class=\"s1\"><b>Forfatterforedrag &amp; Workshops<\/b><\/span><\/p>\n<p>Elisabeth Plum og Benedikte Achen afholder foredrag og skr\u00e6ddersyede workshops. Her pr\u00e6senteres hovedpointer fra bogen og I kan afpr\u00f8ve udvalgte redskaber, der er velegnede i jeres situation og afklare, hvordan I selv kan arbejde videre. Arrangementer kan bestilles som en pakke af foredrag eller workshop med b\u00f8ger til deltagerne til rabatpris.[\/vc_column_text]<div class='testimonials_c_holder clearfix dark'><div class=\"testimonials_c testimonials_c_carousel\" data-show-navigation=\"yes\" data-animation-speed=\"\" data-auto-rotate-slides=\"5\" data-number-per-slide=\"1\"><ul class=\"slides\"><li id=\"testimonials-c-639\" class=\"testimonial_content\"><div class=\"testimonial_content_inner\"><div class=\"testimonial_title_holder\"><h5>Erhvervsakademi Midtvest<\/h5><\/div><div class=\"testimonial_text_holder\"><div class=\"testimonial_text_inner\" style=\"\"><p>Elisabeth Plums rigtig god bog inspirerer, s\u00e6tter retning og t\u00e6nder gejsten host dig, der gerne vil kunne g\u00f8re en forskel som uformel leder p\u00e5 tv\u00e6rs.<\/p><p class=\"testimonial_author\" style=\"\">Henriette Slebsager - Rektor<\/p><\/div><\/div><\/div><\/li><li id=\"testimonials-c-637\" class=\"testimonial_content\"><div class=\"testimonial_content_inner\"><div class=\"testimonial_title_holder\"><h5>University School of Economics and Management<\/h5><\/div><div class=\"testimonial_text_holder\"><div class=\"testimonial_text_inner\" style=\"\"><p>Denne praktiske h\u00e5ndbog hviler p\u00e5 solid forskning og vil v\u00e6re brugbar p\u00e5 akademiske uddannelser og efteruddannelser, for eksempel handelsh\u00f8jskoler.<\/p><p class=\"testimonial_author\" style=\"\">Magnus Larsson - Lektor<\/p><\/div><\/div><\/div><\/li><li id=\"testimonials-c-636\" class=\"testimonial_content\"><div class=\"testimonial_content_inner\"><div class=\"testimonial_title_holder\"><h5>K\u00f8benshavns Professionsh\u00f8jskole<\/h5><\/div><div class=\"testimonial_text_holder\"><div class=\"testimonial_text_inner\" style=\"\"><p>Jeg kan varmt anbefale bogen, som et k\u00e6rkomment alternativ til de klassiske projektledelsesmetoder. En innovativ projekttilgang kr\u00e6ver en udvidet forst\u00e5else af projektledelse generelt, for det kalder tiden p\u00e5,\u00a0og det giver bogen.<\/p><p class=\"testimonial_author\" style=\"\">Trine Stougaard - Lektor, Sygeplejerskeuddannelsen<\/p><\/div><\/div><\/div><\/li><li id=\"testimonials-c-695\" class=\"testimonial_content\"><div class=\"testimonial_content_inner\"><div class=\"testimonial_title_holder\"><h5>Dansk Projektledelse<\/h5><\/div><div class=\"testimonial_text_holder\"><div class=\"testimonial_text_inner\" style=\"\"><p>Denne bog giver os mod og lyst til at tr\u00e6de ind i - og udvikle os i - det ledelsesrum, der er s\u00e5 afg\u00f8rende for projektsucces, uanset om vi er nye i rollen eller erfarne projektledere.<\/p><p class=\"testimonial_author\" style=\"\">Christina Foldager - Formand<\/p><\/div><\/div><\/div><\/li><\/ul><\/div><\/div>[\/vc_column][vc_column width=&#8221;1\/2&#8243;][vc_column_text css=&#8221;.vc_custom_1570266848345{padding-bottom: 1.188rem !important;}&#8221;]<\/p>\n<h2>Send uforpligtende foresp\u00f8rgsel<\/h2>\n<p>[\/vc_column_text]\n<div class=\"wpcf7 no-js\" id=\"wpcf7-f81-o1\" lang=\"da-DK\" dir=\"ltr\" data-wpcf7-id=\"81\">\n<div class=\"screen-reader-response\"><p role=\"status\" aria-live=\"polite\" aria-atomic=\"true\"><\/p> <ul><\/ul><\/div>\n<form action=\"\/uformel-ledelse-paa-tvaers\/wp-json\/wp\/v2\/pages\/73#wpcf7-f81-o1\" method=\"post\" class=\"wpcf7-form init default\" aria-label=\"Kontaktformular\" novalidate=\"novalidate\" data-status=\"init\">\n<div style=\"display: none;\">\n<input type=\"hidden\" name=\"_wpcf7\" value=\"81\" \/>\n<input type=\"hidden\" name=\"_wpcf7_version\" value=\"6.0.6\" \/>\n<input type=\"hidden\" name=\"_wpcf7_locale\" value=\"da_DK\" \/>\n<input type=\"hidden\" name=\"_wpcf7_unit_tag\" value=\"wpcf7-f81-o1\" \/>\n<input type=\"hidden\" name=\"_wpcf7_container_post\" value=\"0\" \/>\n<input type=\"hidden\" name=\"_wpcf7_posted_data_hash\" value=\"\" \/>\n<input type=\"hidden\" name=\"_wpcf7_recaptcha_response\" value=\"\" \/>\n<\/div>\n<div class=\"vc_row wpb_row section vc_row-fluid\">\n\t<div class=\" full_section_inner clearfix\">\n\t\t<div class=\"wpb_column vc_column_container vc_col-md-6\">\n\t\t\t<div class=\"vc_column-inner\">\n\t\t\t\t<p><span class=\"wpcf7-form-control-wrap\" data-name=\"navn\"><input size=\"40\" maxlength=\"400\" class=\"wpcf7-form-control wpcf7-text wpcf7-validates-as-required\" aria-required=\"true\" aria-invalid=\"false\" placeholder=\"Navn\" value=\"\" type=\"text\" name=\"navn\" \/><\/span>\n\t\t\t\t<\/p>\n\t\t\t<\/div>\n\t\t<\/div>\n\t\t<div class=\"wpb_column vc_column_container vc_col-md-6\">\n\t\t\t<div class=\"vc_column-inner\">\n\t\t\t\t<p><span class=\"wpcf7-form-control-wrap\" data-name=\"email\"><input size=\"40\" maxlength=\"400\" class=\"wpcf7-form-control wpcf7-email wpcf7-text wpcf7-validates-as-email\" aria-invalid=\"false\" placeholder=\"E-mail\" value=\"\" type=\"email\" name=\"email\" \/><\/span>\n\t\t\t\t<\/p>\n\t\t\t<\/div>\n\t\t<\/div>\n\t<\/div>\n<\/div>\n<div class=\"vc_row wpb_row section vc_row-fluid\">\n\t<div class=\" full_section_inner clearfix\">\n\t\t<div class=\"wpb_column vc_column_container vc_col-md-6\">\n\t\t\t<div class=\"vc_column-inner\">\n\t\t\t\t<p><span class=\"wpcf7-form-control-wrap\" data-name=\"firma\"><input size=\"40\" maxlength=\"400\" class=\"wpcf7-form-control wpcf7-text\" aria-invalid=\"false\" placeholder=\"Organisation \/ Virksomhed\" value=\"\" type=\"text\" name=\"firma\" \/><\/span>\n\t\t\t\t<\/p>\n\t\t\t<\/div>\n\t\t<\/div>\n\t\t<div class=\"wpb_column vc_column_container vc_col-md-6\">\n\t\t\t<div class=\"vc_column-inner\">\n\t\t\t\t<p><span class=\"wpcf7-form-control-wrap\" data-name=\"tlf\"><input size=\"40\" maxlength=\"400\" class=\"wpcf7-form-control wpcf7-text wpcf7-validates-as-required\" aria-required=\"true\" aria-invalid=\"false\" placeholder=\"Tlf.\" value=\"\" type=\"text\" name=\"tlf\" \/><\/span>\n\t\t\t\t<\/p>\n\t\t\t<\/div>\n\t\t<\/div>\n\t<\/div>\n<\/div>\n<div class=\"vc_row wpb_row section vc_row-fluid\">\n\t<div class=\" full_section_inner clearfix\">\n\t\t<div class=\"wpb_column vc_column_container vc_col-md-6\">\n\t\t\t<div class=\"vc_column-inner\">\n\t\t\t\t<p><span class=\"wpcf7-form-control-wrap\" data-name=\"onsket\"><input size=\"40\" maxlength=\"400\" class=\"wpcf7-form-control wpcf7-text wpcf7-validates-as-required\" aria-required=\"true\" aria-invalid=\"false\" placeholder=\"\u00d8nsket dato\" value=\"\" type=\"text\" name=\"onsket\" \/><\/span>\n\t\t\t\t<\/p>\n\t\t\t<\/div>\n\t\t<\/div>\n\t\t<div class=\"wpb_column vc_column_container vc_col-md-6\">\n\t\t\t<div class=\"vc_column-inner\">\n\t\t\t\t<p><span class=\"wpcf7-form-control-wrap\" data-name=\"deltager\"><input size=\"40\" maxlength=\"400\" class=\"wpcf7-form-control wpcf7-text wpcf7-validates-as-required\" aria-required=\"true\" aria-invalid=\"false\" placeholder=\"Antal deltagere\" value=\"\" type=\"text\" name=\"deltager\" \/><\/span>\n\t\t\t\t<\/p>\n\t\t\t<\/div>\n\t\t<\/div>\n\t<\/div>\n<\/div>\n<div class=\"vc_row wpb_row section vc_row-fluid\">\n\t<div class=\" full_section_inner clearfix\">\n\t\t<div class=\"wpb_column vc_column_container vc_col-sm-12\">\n\t\t\t<div class=\"vc_column-inner\">\n\t\t\t\t<p><span class=\"wpcf7-form-control-wrap\" data-name=\"besked\"><textarea cols=\"40\" rows=\"10\" maxlength=\"2000\" class=\"wpcf7-form-control wpcf7-textarea\" aria-invalid=\"false\" placeholder=\"Andet information\" name=\"besked\"><\/textarea><\/span>\n\t\t\t\t<\/p>\n\t\t\t\t<p><span id=\"wpcf7-69fde3ef33e5d-wrapper\" class=\"wpcf7-form-control-wrap address-wrap\" ><label for=\"address\" class=\"hp-message\">Please leave this field empty.<\/label><input id=\"address\"  class=\"wpcf7-form-control wpcf7-text subject\" type=\"text\" name=\"address\" value=\"\" size=\"40\" tabindex=\"-1\" autocomplete=\"new-password\" \/><\/span><input class=\"wpcf7-form-control wpcf7-submit has-spinner\" type=\"submit\" value=\"Send\" \/>\n\t\t\t\t<\/p>\n\t\t\t<\/div>\n\t\t<\/div>\n\t<\/div>\n<\/div><div class=\"wpcf7-response-output\" aria-hidden=\"true\"><\/div>\n<\/form>\n<\/div>\n[\/vc_column][\/vc_row]<\/p>\n<\/div>","protected":false},"excerpt":{"rendered":"<p>[vc_row css_animation=&#8221;&#8221; row_type=&#8221;row&#8221; use_row_as_full_screen_section=&#8221;no&#8221; type=&#8221;full_width&#8221; angled_section=&#8221;no&#8221; text_align=&#8221;left&#8221; background_image_as_pattern=&#8221;without_pattern&#8221; z_index=&#8221;&#8221; css=&#8221;.vc_custom_1570227378599{margin-top: 0px !important;padding-top: 0px !important;padding-bottom: 6rem !important;}&#8221;][vc_column width=&#8221;1\/2&#8243;][vc_column_text] Foredrag &amp; Workshops [\/vc_column_text][vc_column_text] Forfatterforedrag &amp; Workshops Elisabeth Plum og Benedikte Achen afholder foredrag og skr\u00e6ddersyede workshops. Her pr\u00e6senteres hovedpointer fra bogen og I kan afpr\u00f8ve udvalgte redskaber,&#8230;<\/p>\n","protected":false},"author":1,"featured_media":0,"parent":0,"menu_order":0,"comment_status":"closed","ping_status":"closed","template":"","meta":{"footnotes":""},"class_list":["post-73","page","type-page","status-publish","hentry"],"_links":{"self":[{"href":"https:\/\/teamingbogen.dk\/uformel-ledelse-paa-tvaers\/wp-json\/wp\/v2\/pages\/73","targetHints":{"allow":["GET"]}}],"collection":[{"href":"https:\/\/teamingbogen.dk\/uformel-ledelse-paa-tvaers\/wp-json\/wp\/v2\/pages"}],"about":[{"href":"https:\/\/teamingbogen.dk\/uformel-ledelse-paa-tvaers\/wp-json\/wp\/v2\/types\/page"}],"author":[{"embeddable":true,"href":"https:\/\/teamingbogen.dk\/uformel-ledelse-paa-tvaers\/wp-json\/wp\/v2\/users\/1"}],"replies":[{"embeddable":true,"href":"https:\/\/teamingbogen.dk\/uformel-ledelse-paa-tvaers\/wp-json\/wp\/v2\/comments?post=73"}],"version-history":[{"count":43,"href":"https:\/\/teamingbogen.dk\/uformel-ledelse-paa-tvaers\/wp-json\/wp\/v2\/pages\/73\/revisions"}],"predecessor-version":[{"id":753,"href":"https:\/\/teamingbogen.dk\/uformel-ledelse-paa-tvaers\/wp-json\/wp\/v2\/pages\/73\/revisions\/753"}],"wp:attachment":[{"href":"https:\/\/teamingbogen.dk\/uformel-ledelse-paa-tvaers\/wp-json\/wp\/v2\/media?parent=73"}],"curies":[{"name":"wp","href":"https:\/\/api.w.org\/{rel}","templated":true}]}}